{"id":3,"date":"2024-02-29T14:08:31","date_gmt":"2024-02-29T14:08:31","guid":{"rendered":"https:\/\/beta.regionalnisajamposlova.com\/?page_id=3"},"modified":"2025-02-19T16:45:57","modified_gmt":"2025-02-19T15:45:57","slug":"uvjeti-koristenja","status":"publish","type":"page","link":"https:\/\/regionalnisajamposlova.com\/en\/uvjeti-koristenja\/","title":{"rendered":"Uvjeti kori\u0161tenja"},"content":{"rendered":"<div class=\"uvjeti-koristenja\">\n<p style=\"text-align: center;\"><b>Uvjeti kori\u0161tenja<br \/>\nREGIONALNI SAJAM POSLOVA<\/b><\/p>\n<p><b>UVOD<\/b><\/p>\n<p>Regionalnisajamposlova.com (u daljnjem tekstu: Sajam) je sajam koji se odr\u017eava jednom godi\u0161nje na web lokaciji: <a style=\"color: blue;\" href=\"https:\/\/hr.regionalnisajamposlova.com\/\">https:\/\/hr.regionalnisajamposlova.com\/<\/a> . Organizator i vlasnik ovog projekta je tvrtka Alma Career Croatia d.o.o., iz Zagreba, Strojarska cesta 20, OIB 14273924910, koju zastupa Direktor Vesa-Pekka Mikael Kirsi (u daljnjem tekstu: Organizator sajma).<\/p>\n<p><b>PRIJAVA, PLA\u0106ANJE I OTKAZIVANJE SUDJELOVANJA<\/b><\/p>\n<p>Ispunjavanjem i slanjem obrasca: <a style=\"color: blue;\" href=\"https:\/\/hr.regionalnisajamposlova.com\/\">https:\/\/hr.regionalnisajamposlova.com\/<\/a> napravili ste svoju prijavu za sudjelovanje na Sajmu.<br \/>\nNakon prijave na Va\u0161u e-mail adresu \u0107ete primiti ponudu za pla\u0107anje koja je obvezuju\u0107a.<br \/>\nOtkazivanje sudjelovanja na Sajmu potrebno je prijaviti isklju\u010divo pisanim putem na e-mail adresu: <a style=\"color: blue;\" href=\"mailto: ivana.markulj@almacareer.com\">ivana.markulj@almacareer.com<\/a> .<\/p>\n<p style=\"margin: 0;\">Uvjeti i rokovi otkazivanja sudjelovanja su sljede\u0107i:<\/p>\n<ul>\n<li>do 15.08. \u2013 otkazivanje se vr\u0161i uz povrat 100% upla\u0107enog iznosa<\/li>\n<li>do 06.10. \u2013 otkazivanje se vr\u0161i uz povrat 50% upla\u0107enog iznosa<\/li>\n<li>od 06.10. \u2013 otkazivanje se vr\u0161i bez povrata upla\u0107enog iznosa<\/li>\n<\/ul>\n<p>Ukoliko ne otka\u017eete svoje sudjelovanje na Sajmu sukladno ovim uvjetima otkazivanja, sve naknadne reklamacije ne\u0107e se prihvatiti, te \u0107e se smatrati da ste regularno sudjelovali na Sajmu sukladno ovim Uvjetima kori\u0161tenja.<\/p>\n<p><b>OBVEZE SUDIONIKA<\/b><\/p>\n<p style=\"margin: 0;\">Sudionik se obvezuje:<\/p>\n<ol>\n<li>popuniti obrazac prijave sudjelovanja na web stranici: <a style=\"color: blue;\" href=\"https:\/\/hr.regionalnisajamposlova.com\/\">https:\/\/hr.regionalnisajamposlova.com\/<\/a> unutar zadanog roka<\/li>\n<li>uplatiti iznos za sudjelovanje na Sajmu temeljem poslane ponude Organizatora prije po\u010detka Sajma<\/li>\n<li>definirati elemente za izgled \u0161tanda i unijeti informacije o tvrtki<\/li>\n<li>kreirati \u0161tand temeljem odabira elemenata i prethodno poslanih uputa<\/li>\n<li>dostaviti Organizatoru najkasnije 7 dana od zakupa \u0161tanda potrebne materijale; ukoliko Sudionik materijale ne dostavi u definiranom roku, Organizator Sajma nema obvezu kreiranja i aktivacije \u0161tanda<\/li>\n<li>\u010duvati povjerljive informacije<\/li>\n<\/ol>\n<p><b>OBVEZE ORGANIZATORA SAJMA<\/b><\/p>\n<p style=\"margin: 0;\">Organizator sajma se obavezuje:<\/p>\n<ol>\n<li>definirati to\u010dne datume odr\u017eavanja Sajma koje \u0107e objaviti na web stranici Sajma, pri \u010demu zadr\u017eava pravo eventualne izmjene datuma odr\u017eavanja<\/li>\n<li>dostaviti Sudioniku ponudu za pla\u0107anje iznosa za sudjelovanje na Sajmu<\/li>\n<li>dostaviti Sudioniku pristupne podatke<\/li>\n<li>ispostaviti ra\u010dun Sudioniku u roku od 3 dana od zavr\u0161etka Sajma<\/li>\n<li>\u010duvati povjerljive informacije<\/li>\n<\/ol>\n<p><b>SPOROVI<\/b><\/p>\n<p>Sve eventualne sporove koji proizlaze iz ovih Uvjeta kori\u0161tenja i u vezi s njima, kao i na pravne u\u010dinke koji iz tog proistje\u010du izme\u0111u Sudionika i Organizatora sajma poku\u0161at \u0107e se rije\u0161iti sporazumno i mirnim putem, a u slu\u010daju pokretanja sudskih postupaka, biti \u0107e isklju\u010divo nadle\u017ean stvarno nadle\u017eni sud u Zagrebu.<\/p>\n<p><b>ZAVR\u0160NE ODREDBE<\/b><\/p>\n<p>Ovi Uvjeti kori\u0161tenja stupaju na snagu od dana njihovog objavljivanja na web stranici Sajma.<br \/>\nOrganizator sajma zadr\u017eava pravo u bilo kojem trenutku izmijeniti i dopuniti ove Uvjete kori\u0161tenja. Va\u017ee\u0107im Uvjetima kori\u0161tenja smatrat \u0107e se verzija objavljena na web stranici Sajma: <a style=\"color: blue;\" href=\"https:\/\/hr.regionalnisajamposlova.com\/\">https:\/\/hr.regionalnisajamposlova.com\/<\/a> .<\/p>\n<\/div>","protected":false},"excerpt":{"rendered":"<p>Uvjeti kori\u0161tenja REGIONALNI SAJAM POSLOVA UVOD Regionalnisajamposlova.com (u daljnjem tekstu: Sajam) je sajam koji se odr\u017eava jednom godi\u0161nje na web lokaciji: https:\/\/hr.regionalnisajamposlova.com\/ . Organizator i vlasnik ovog projekta je tvrtka Alma Career Croatia d.o.o., iz Zagreba, Strojarska cesta 20, OIB&#8230;<\/p>","protected":false},"author":1,"featured_media":0,"parent":0,"menu_order":0,"comment_status":"closed","ping_status":"open","template":"","meta":{"footnotes":""},"class_list":["post-3","page","type-page","status-publish","hentry"],"_links":{"self":[{"href":"https:\/\/regionalnisajamposlova.com\/en\/wp-json\/wp\/v2\/pages\/3","targetHints":{"allow":["GET"]}}],"collection":[{"href":"https:\/\/regionalnisajamposlova.com\/en\/wp-json\/wp\/v2\/pages"}],"about":[{"href":"https:\/\/regionalnisajamposlova.com\/en\/wp-json\/wp\/v2\/types\/page"}],"author":[{"embeddable":true,"href":"https:\/\/regionalnisajamposlova.com\/en\/wp-json\/wp\/v2\/users\/1"}],"replies":[{"embeddable":true,"href":"https:\/\/regionalnisajamposlova.com\/en\/wp-json\/wp\/v2\/comments?post=3"}],"version-history":[{"count":9,"href":"https:\/\/regionalnisajamposlova.com\/en\/wp-json\/wp\/v2\/pages\/3\/revisions"}],"predecessor-version":[{"id":2514,"href":"https:\/\/regionalnisajamposlova.com\/en\/wp-json\/wp\/v2\/pages\/3\/revisions\/2514"}],"wp:attachment":[{"href":"https:\/\/regionalnisajamposlova.com\/en\/wp-json\/wp\/v2\/media?parent=3"}],"curies":[{"name":"wp","href":"https:\/\/api.w.org\/{rel}","templated":true}]}}